{"id":401,"date":"2022-10-10T04:08:52","date_gmt":"2022-10-10T04:08:52","guid":{"rendered":"https:\/\/virlabdesign.com\/vld\/?post_type=product&#038;p=401"},"modified":"2022-10-10T04:08:56","modified_gmt":"2022-10-10T04:08:56","slug":"imprimante-3d-tronxy-moore-1-180x180x180mm-imprimante-3d-en-argile-de-poterie-modelisation-de-depot-liquide-imprimante-3d-en-ceramique-ceramique-antique","status":"publish","type":"product","link":"https:\/\/virlabdesign.com\/vld\/product\/imprimante-3d-tronxy-moore-1-180x180x180mm-imprimante-3d-en-argile-de-poterie-modelisation-de-depot-liquide-imprimante-3d-en-ceramique-ceramique-antique\/","title":{"rendered":"Imprimante 3D TRONXY\u00ae Moore 1 180x180x180mm imprimante 3d en argile de poterie mod\u00e9lisation de d\u00e9p\u00f4t liquide imprimante 3d en c\u00e9ramique c\u00e9ramique antique"},"content":{"rendered":"","protected":false},"excerpt":{"rendered":"","protected":false},"featured_media":404,"comment_status":"open","ping_status":"closed","template":"","meta":[],"product_brand":[],"product_cat":[15],"product_tag":[],"class_list":{"0":"post-401","1":"product","2":"type-product","3":"status-publish","4":"has-post-thumbnail","6":"product_cat-uncategorized","8":"first","9":"instock","10":"taxable","11":"shipping-taxable","12":"purchasable","13":"product-type-simple"},"_links":{"self":[{"href":"https:\/\/virlabdesign.com\/vld\/wp-json\/wp\/v2\/product\/401","targetHints":{"allow":["GET"]}}],"collection":[{"href":"https:\/\/virlabdesign.com\/vld\/wp-json\/wp\/v2\/product"}],"about":[{"href":"https:\/\/virlabdesign.com\/vld\/wp-json\/wp\/v2\/types\/product"}],"replies":[{"embeddable":true,"href":"https:\/\/virlabdesign.com\/vld\/wp-json\/wp\/v2\/comments?post=401"}],"wp:featuredmedia":[{"embeddable":true,"href":"https:\/\/virlabdesign.com\/vld\/wp-json\/wp\/v2\/media\/404"}],"wp:attachment":[{"href":"https:\/\/virlabdesign.com\/vld\/wp-json\/wp\/v2\/media?parent=401"}],"wp:term":[{"taxonomy":"product_brand","embeddable":true,"href":"https:\/\/virlabdesign.com\/vld\/wp-json\/wp\/v2\/product_brand?post=401"},{"taxonomy":"product_cat","embeddable":true,"href":"https:\/\/virlabdesign.com\/vld\/wp-json\/wp\/v2\/product_cat?post=401"},{"taxonomy":"product_tag","embeddable":true,"href":"https:\/\/virlabdesign.com\/vld\/wp-json\/wp\/v2\/product_tag?post=401"}],"curies":[{"name":"wp","href":"https:\/\/api.w.org\/{rel}","templated":true}]}}